{"id":7025,"date":"2021-12-11T20:14:08","date_gmt":"2021-12-12T01:14:08","guid":{"rendered":"https:\/\/flykicks.ca\/conditions-et-politique\/"},"modified":"2025-09-15T19:30:57","modified_gmt":"2025-09-15T23:30:57","slug":"terms-policy","status":"publish","type":"page","link":"https:\/\/flykicks.ca\/fr\/terms-policy\/","title":{"rendered":"Conditions et politique"},"content":{"rendered":"\t\t<div data-elementor-type=\"wp-page\" data-elementor-id=\"7025\" class=\"elementor elementor-7025 elementor-3567\" data-elementor-post-type=\"page\">\n\t\t\t\t\t\t<section class=\"elementor-section elementor-top-section elementor-element elementor-element-b6a43cb elementor-section-full_width elementor-section-height-default elementor-section-height-default\" data-id=\"b6a43cb\" data-element_type=\"section\">\n\t\t\t\t\t\t<div class=\"elementor-container elementor-column-gap-default\">\n\t\t\t\t\t<div class=\"elementor-column elementor-col-100 elementor-top-column elementor-element elementor-element-edc6a09\" data-id=\"edc6a09\" data-element_type=\"column\">\n\t\t\t<div class=\"elementor-widget-wrap elementor-element-populated\">\n\t\t\t\t\t\t<div class=\"elementor-element elementor-element-fdce862 elementor-widget elementor-widget-image\" data-id=\"fdce862\" data-element_type=\"widget\" data-widget_type=\"image.default\">\n\t\t\t\t<div class=\"elementor-widget-container\">\n\t\t\t\t\t\t\t\t\t\t\t\t\t\t\t\t<a href=\"https:\/\/flykicks.ca\/fr\/\">\n\t\t\t\t\t\t\t<img decoding=\"async\" width=\"1\" height=\"1\" src=\"https:\/\/flykicks.ca\/wp-content\/uploads\/2021\/11\/fly_kicks_logo.svg\" class=\"attachment-large size-large wp-image-5712\" alt=\"\" \/>\t\t\t\t\t\t\t\t<\/a>\n\t\t\t\t\t\t\t\t\t\t\t\t\t\t\t<\/div>\n\t\t\t\t<\/div>\n\t\t\t\t\t<\/div>\n\t\t<\/div>\n\t\t\t\t\t<\/div>\n\t\t<\/section>\n\t\t\t\t<section class=\"elementor-section elementor-top-section elementor-element elementor-element-8437918 elementor-section-boxed elementor-section-height-default elementor-section-height-default\" data-id=\"8437918\" data-element_type=\"section\">\n\t\t\t\t\t\t<div class=\"elementor-container elementor-column-gap-default\">\n\t\t\t\t\t<div class=\"elementor-column elementor-col-100 elementor-top-column elementor-element elementor-element-058f1a3\" data-id=\"058f1a3\" data-element_type=\"column\">\n\t\t\t<div class=\"elementor-widget-wrap elementor-element-populated\">\n\t\t\t\t\t\t<div class=\"elementor-element elementor-element-c83d4ca elementor-widget elementor-widget-heading\" data-id=\"c83d4ca\" data-element_type=\"widget\" data-widget_type=\"heading.default\">\n\t\t\t\t<div class=\"elementor-widget-container\">\n\t\t\t\t\t<h2 class=\"elementor-heading-title elementor-size-default\">CONDITIONS ET POLITIQUE<\/h2>\t\t\t\t<\/div>\n\t\t\t\t<\/div>\n\t\t\t\t<div class=\"elementor-element elementor-element-1316992 elementor-widget elementor-widget-text-editor\" data-id=\"1316992\" data-element_type=\"widget\" data-widget_type=\"text-editor.default\">\n\t\t\t\t<div class=\"elementor-widget-container\">\n\t\t\t\t\t\t\t\t\t<p>Les demandes de retour et de remboursement seront trait\u00e9es par courrier \u00e9lectronique \u00e0 l&rsquo;adresse suivante : <a href=\"mailto:info@flykicks.ca\">info@flykicks.ca<\/a> ou par t\u00e9l\u00e9phone au : 1 (888) 616-2887. Nous vous garantissons une r\u00e9ponse dans les quarante-huit (48) heures ouvrables suivant la demande. Les retours doivent \u00eatre envoy\u00e9s \u00e0 l&rsquo;adresse suivante : 306 Boulevard Taschereau La Prairie Montr\u00e9al, Qu\u00e9bec, J5R 5H6.<\/p><p>En tant que client, vous devez savoir que nous proposons un service d&rsquo;\u00e9change ou de cr\u00e9dit.<\/p><p>Les frais de retour sont \u00e0 la charge du client. Les frais d&rsquo;exp\u00e9dition de la commande initiale ne sont pas couverts par le remboursement. Pour pouvoir recevoir un remboursement complet, l\u2019article doit \u00eatre retourn\u00e9 dans son \u00e9tat d\u2019origine, aux frais du client, au plus tard 30 jours apr\u00e8s la r\u00e9ception de votre commande.<\/p><p><strong data-start=\"906\" data-end=\"922\">Veuillez noter :<\/strong> Pour tous <strong data-start=\"931\" data-end=\"953\">les produits de parfumerie<\/strong>, la politique de retour s\u2019applique <strong data-start=\"981\" data-end=\"1041\">uniquement si l\u2019article est scell\u00e9 et dans son emballage d\u2019origine<\/strong>. Si le parfum a \u00e9t\u00e9 ouvert ou utilis\u00e9, le retour sera <strong data-start=\"1104\" data-end=\"1130\">automatiquement refus\u00e9<\/strong>, et aucun remboursement ou cr\u00e9dit ne sera accord\u00e9. <\/p>\t\t\t\t\t\t\t\t<\/div>\n\t\t\t\t<\/div>\n\t\t\t\t<div class=\"elementor-element elementor-element-49b193a elementor-widget elementor-widget-heading\" data-id=\"49b193a\" data-element_type=\"widget\" data-widget_type=\"heading.default\">\n\t\t\t\t<div class=\"elementor-widget-container\">\n\t\t\t\t\t<h2 class=\"elementor-heading-title elementor-size-default\">M\u00c9THODES D'EXP\u00c9DITION<\/h2>\t\t\t\t<\/div>\n\t\t\t\t<\/div>\n\t\t\t\t<div class=\"elementor-element elementor-element-a801f2e elementor-widget elementor-widget-text-editor\" data-id=\"a801f2e\" data-element_type=\"widget\" data-widget_type=\"text-editor.default\">\n\t\t\t\t<div class=\"elementor-widget-container\">\n\t\t\t\t\t\t\t\t\t<ul>\n \t<li>Nos colis sont exp\u00e9di\u00e9s par Postes Canada.<\/li>\n \t<li>Les d\u00e9lais de livraison ne rel\u00e8vent pas de notre responsabilit\u00e9.<\/li>\n \t<li>Toutes les commandes re\u00e7ues sont envoy\u00e9es dans les deux (2) jours ouvrables.<\/li>\n \t<li>Pour les achats de moins de 120 $, c&rsquo;est Postes Canada qui d\u00e9termine les frais d&rsquo;exp\u00e9dition.<\/li>\n<\/ul>\t\t\t\t\t\t\t\t<\/div>\n\t\t\t\t<\/div>\n\t\t\t\t<div class=\"elementor-element elementor-element-6af56eb elementor-widget elementor-widget-heading\" data-id=\"6af56eb\" data-element_type=\"widget\" data-widget_type=\"heading.default\">\n\t\t\t\t<div class=\"elementor-widget-container\">\n\t\t\t\t\t<h2 class=\"elementor-heading-title elementor-size-default\">CONDITIONS D'ACHAT<\/h2>\t\t\t\t<\/div>\n\t\t\t\t<\/div>\n\t\t\t\t<div class=\"elementor-element elementor-element-146c366 elementor-widget elementor-widget-text-editor\" data-id=\"146c366\" data-element_type=\"widget\" data-widget_type=\"text-editor.default\">\n\t\t\t\t<div class=\"elementor-widget-container\">\n\t\t\t\t\t\t\t\t\t<ul><li>Le client est le seul responsable de l&rsquo;exactitude des informations fournies pour la facturation : nom, adresse \u00e9lectronique, adresse postale, mode de paiement. Nous partons du principe que les informations saisies sont correctes, pr\u00e9cises et compl\u00e8tes.<\/li><li>Nous nous r\u00e9servons le droit, dans les limites de la loi, de rejeter ou d&rsquo;annuler toute commande sans aucune justification n\u00e9cessaire.<\/li><li>Toutes les informations personnelles fournies seront confidentielles et r\u00e9serv\u00e9es \u00e0 notre usage, sauf si la loi l&rsquo;exige.<\/li><\/ul>\t\t\t\t\t\t\t\t<\/div>\n\t\t\t\t<\/div>\n\t\t\t\t\t<\/div>\n\t\t<\/div>\n\t\t\t\t\t<\/div>\n\t\t<\/section>\n\t\t\t\t<section class=\"elementor-section elementor-top-section elementor-element elementor-element-21b535c elementor-section-boxed elementor-section-height-default elementor-section-height-default\" data-id=\"21b535c\" data-element_type=\"section\">\n\t\t\t\t\t\t<div class=\"elementor-container elementor-column-gap-default\">\n\t\t\t\t\t<div class=\"elementor-column elementor-col-100 elementor-top-column elementor-element elementor-element-83fccda\" data-id=\"83fccda\" data-element_type=\"column\">\n\t\t\t<div class=\"elementor-widget-wrap elementor-element-populated\">\n\t\t\t\t\t\t<div class=\"elementor-element elementor-element-de1ed8c elementor-align-justify elementor-widget elementor-widget-button\" data-id=\"de1ed8c\" data-element_type=\"widget\" data-widget_type=\"button.default\">\n\t\t\t\t<div class=\"elementor-widget-container\">\n\t\t\t\t\t\t\t\t\t<div class=\"elementor-button-wrapper\">\n\t\t\t\t\t<a class=\"elementor-button elementor-button-link elementor-size-sm\" href=\"https:\/\/flykicks.ca\/fr\/\">\n\t\t\t\t\t\t<span class=\"elementor-button-content-wrapper\">\n\t\t\t\t\t\t\t\t\t<span class=\"elementor-button-text\">Retour \u00e0 la page d'accueil<\/span>\n\t\t\t\t\t<\/span>\n\t\t\t\t\t<\/a>\n\t\t\t\t<\/div>\n\t\t\t\t\t\t\t\t<\/div>\n\t\t\t\t<\/div>\n\t\t\t\t\t<\/div>\n\t\t<\/div>\n\t\t\t\t\t<\/div>\n\t\t<\/section>\n\t\t\t\t<\/div>\n\t\t","protected":false},"excerpt":{"rendered":"<p>CONDITIONS ET POLITIQUE Les demandes de retour et de remboursement seront trait\u00e9es par courrier \u00e9lectronique \u00e0 l&rsquo;adresse suivante : info@flykicks.ca ou par t\u00e9l\u00e9phone au : 1 (888) 616-2887. Nous vous garantissons une r\u00e9ponse dans les quarante-huit (48) heures ouvrables suivant la demande. Les retours doivent \u00eatre envoy\u00e9s \u00e0 l&rsquo;adresse suivante : 306 Boulevard Taschereau La [&hellip;]<\/p>\n","protected":false},"author":1,"featured_media":0,"parent":0,"menu_order":0,"comment_status":"closed","ping_status":"closed","template":"elementor_canvas","meta":{"_acf_changed":false,"_seopress_robots_primary_cat":"","_seopress_titles_title":"","_seopress_titles_desc":"","_seopress_robots_index":"","_mbp_gutenberg_autopost":false,"footnotes":""},"class_list":["post-7025","page","type-page","status-publish","hentry"],"acf":[],"_links":{"self":[{"href":"https:\/\/flykicks.ca\/fr\/wp-json\/wp\/v2\/pages\/7025","targetHints":{"allow":["GET"]}}],"collection":[{"href":"https:\/\/flykicks.ca\/fr\/wp-json\/wp\/v2\/pages"}],"about":[{"href":"https:\/\/flykicks.ca\/fr\/wp-json\/wp\/v2\/types\/page"}],"author":[{"embeddable":true,"href":"https:\/\/flykicks.ca\/fr\/wp-json\/wp\/v2\/users\/1"}],"replies":[{"embeddable":true,"href":"https:\/\/flykicks.ca\/fr\/wp-json\/wp\/v2\/comments?post=7025"}],"version-history":[{"count":7,"href":"https:\/\/flykicks.ca\/fr\/wp-json\/wp\/v2\/pages\/7025\/revisions"}],"predecessor-version":[{"id":18214,"href":"https:\/\/flykicks.ca\/fr\/wp-json\/wp\/v2\/pages\/7025\/revisions\/18214"}],"wp:attachment":[{"href":"https:\/\/flykicks.ca\/fr\/wp-json\/wp\/v2\/media?parent=7025"}],"curies":[{"name":"wp","href":"https:\/\/api.w.org\/{rel}","templated":true}]}}