{"id":13756,"date":"2023-08-29T19:05:49","date_gmt":"2023-08-29T23:05:49","guid":{"rendered":"https:\/\/flykicks.ca\/product\/nike-dunk-low-racer-blue-white\/"},"modified":"2025-08-26T18:07:47","modified_gmt":"2025-08-26T22:07:47","slug":"nike-dunk-low-racer-blue-white","status":"publish","type":"product","link":"https:\/\/flykicks.ca\/fr\/product\/nike-dunk-low-racer-blue-white\/","title":{"rendered":"NIKE DUNK LOW \u00ab\u00a0Bleu Racer Blanc\u00a0\u00bb"},"content":{"rendered":"<p>Achetez les baskets NIKE DUNK LOW \u00ab\u00a0Racer Blue White\u00a0\u00bb chez FlyKicks.<br \/>\nOnly Original. Authentifi\u00e9 personnellement par des experts, Exp\u00e9dition Express Canada &amp; USA<\/p>\n","protected":false},"excerpt":{"rendered":"<p>Achetez les baskets NIKE DUNK LOW \u00ab\u00a0Racer Blue White\u00a0\u00bb chez FlyKicks.<\/p>\n","protected":false},"featured_media":13523,"comment_status":"closed","ping_status":"closed","template":"","meta":{"_acf_changed":false,"_seopress_robots_primary_cat":"none","_seopress_titles_title":"NIKE DUNK LOW \"Bleu Racer Blanc\"","_seopress_titles_desc":"La Nike Dunk Low \"Racer Blue\/White\" est une version bicolore simple de la basket classique pour un look sportif. Rappelant les blocs de couleurs classiques de la Dunk aux couleurs de l'\u00e9quipe, ce mod\u00e8le pr\u00e9sente une tige en cuir blanc avec une couche de base en Racer Blue. La marque Nike est pr\u00e9sente sur les languettes et brod\u00e9e en italique sur les languettes du talon. La semelle interm\u00e9diaire blanche est rehauss\u00e9e par une semelle ext\u00e9rieure en caoutchouc bleu.","_seopress_robots_index":"","_mbp_gutenberg_autopost":false},"product_brand":[],"product_cat":[585,619,643,197,479,482,409,222,223],"product_tag":[],"woo-feed-brand":[],"class_list":{"0":"post-13756","1":"product","2":"type-product","3":"status-publish","4":"has-post-thumbnail","6":"product_cat-taille","7":"product_cat-men-fr","8":"product_cat-9-fr","9":"product_cat-nouveautes","10":"product_cat-prix","11":"product_cat-300-400-fr","12":"product_cat-chaussures","13":"product_cat-nike-fr","14":"product_cat-dunk-low-fr","16":"first","17":"instock","18":"taxable","19":"shipping-taxable","20":"purchasable","21":"product-type-variable"},"acf":[],"_links":{"self":[{"href":"https:\/\/flykicks.ca\/fr\/wp-json\/wp\/v2\/product\/13756","targetHints":{"allow":["GET"]}}],"collection":[{"href":"https:\/\/flykicks.ca\/fr\/wp-json\/wp\/v2\/product"}],"about":[{"href":"https:\/\/flykicks.ca\/fr\/wp-json\/wp\/v2\/types\/product"}],"replies":[{"embeddable":true,"href":"https:\/\/flykicks.ca\/fr\/wp-json\/wp\/v2\/comments?post=13756"}],"wp:featuredmedia":[{"embeddable":true,"href":"https:\/\/flykicks.ca\/fr\/wp-json\/wp\/v2\/media\/13523"}],"wp:attachment":[{"href":"https:\/\/flykicks.ca\/fr\/wp-json\/wp\/v2\/media?parent=13756"}],"wp:term":[{"taxonomy":"product_brand","embeddable":true,"href":"https:\/\/flykicks.ca\/fr\/wp-json\/wp\/v2\/product_brand?post=13756"},{"taxonomy":"product_cat","embeddable":true,"href":"https:\/\/flykicks.ca\/fr\/wp-json\/wp\/v2\/product_cat?post=13756"},{"taxonomy":"product_tag","embeddable":true,"href":"https:\/\/flykicks.ca\/fr\/wp-json\/wp\/v2\/product_tag?post=13756"},{"taxonomy":"woo-feed-brand","embeddable":true,"href":"https:\/\/flykicks.ca\/fr\/wp-json\/wp\/v2\/woo-feed-brand?post=13756"}],"curies":[{"name":"wp","href":"https:\/\/api.w.org\/{rel}","templated":true}]}}