{"id":14153,"date":"2023-09-11T14:46:31","date_gmt":"2023-09-11T18:46:31","guid":{"rendered":"https:\/\/flykicks.ca\/product\/versace-portefeuille-bleu-a-meduse-biggie\/"},"modified":"2025-08-28T17:55:24","modified_gmt":"2025-08-28T21:55:24","slug":"versace-portefeuille-bleu-a-meduse-biggie","status":"publish","type":"product","link":"https:\/\/flykicks.ca\/fr\/product\/versace-portefeuille-bleu-a-meduse-biggie\/","title":{"rendered":"VERSACE Portefeuille Bleu \u00e0 M\u00e9duse Biggie"},"content":{"rendered":"<p>Achetez Versace Portefeuille Bleu \u00e0 M\u00e9duse Biggie chez FlyKicks.<br \/>\nOnly Original. Authentifi\u00e9 personnellement par des experts, Exp\u00e9dition Express Canada &amp; USA.<\/p>\n","protected":false},"excerpt":{"rendered":"<p>Achetez Versace Portefeuille Bleu \u00e0 M\u00e9duse Biggie chez FlyKicks. Only Original. Authentifi\u00e9 personnellement par des experts, Exp\u00e9dition Express Canada &amp; USA.<\/p>\n","protected":false},"featured_media":14232,"comment_status":"closed","ping_status":"closed","template":"","meta":{"_acf_changed":false,"_seopress_robots_primary_cat":"none","_seopress_titles_title":"Versace Portefeuille Bleu \u00e0 M\u00e9duse Biggie","_seopress_titles_desc":"Achetez Versace Portefeuille Bleu \u00e0 M\u00e9duse Biggie chez FlyKicks.\r\nOnly Original. Authentifi\u00e9 personnellement par des experts, Exp\u00e9dition Express Canada & USA.","_seopress_robots_index":"","_mbp_gutenberg_autopost":false},"product_brand":[],"product_cat":[238],"product_tag":[],"woo-feed-brand":[],"class_list":{"0":"post-14153","1":"product","2":"type-product","3":"status-publish","4":"has-post-thumbnail","6":"product_cat-accessoires","8":"first","9":"outofstock","10":"taxable","11":"shipping-taxable","12":"purchasable","13":"product-type-simple"},"acf":[],"_links":{"self":[{"href":"https:\/\/flykicks.ca\/fr\/wp-json\/wp\/v2\/product\/14153","targetHints":{"allow":["GET"]}}],"collection":[{"href":"https:\/\/flykicks.ca\/fr\/wp-json\/wp\/v2\/product"}],"about":[{"href":"https:\/\/flykicks.ca\/fr\/wp-json\/wp\/v2\/types\/product"}],"replies":[{"embeddable":true,"href":"https:\/\/flykicks.ca\/fr\/wp-json\/wp\/v2\/comments?post=14153"}],"wp:featuredmedia":[{"embeddable":true,"href":"https:\/\/flykicks.ca\/fr\/wp-json\/wp\/v2\/media\/14232"}],"wp:attachment":[{"href":"https:\/\/flykicks.ca\/fr\/wp-json\/wp\/v2\/media?parent=14153"}],"wp:term":[{"taxonomy":"product_brand","embeddable":true,"href":"https:\/\/flykicks.ca\/fr\/wp-json\/wp\/v2\/product_brand?post=14153"},{"taxonomy":"product_cat","embeddable":true,"href":"https:\/\/flykicks.ca\/fr\/wp-json\/wp\/v2\/product_cat?post=14153"},{"taxonomy":"product_tag","embeddable":true,"href":"https:\/\/flykicks.ca\/fr\/wp-json\/wp\/v2\/product_tag?post=14153"},{"taxonomy":"woo-feed-brand","embeddable":true,"href":"https:\/\/flykicks.ca\/fr\/wp-json\/wp\/v2\/woo-feed-brand?post=14153"}],"curies":[{"name":"wp","href":"https:\/\/api.w.org\/{rel}","templated":true}]}}