{"id":14182,"date":"2023-09-11T15:10:17","date_gmt":"2023-09-11T19:10:17","guid":{"rendered":"https:\/\/flykicks.ca\/product\/versace-porte-cartes-jaune-a-meduse-biggie\/"},"modified":"2025-08-28T17:55:08","modified_gmt":"2025-08-28T21:55:08","slug":"versace-porte-cartes-jaune-a-meduse-biggie","status":"publish","type":"product","link":"https:\/\/flykicks.ca\/fr\/product\/versace-porte-cartes-jaune-a-meduse-biggie\/","title":{"rendered":"VERSACE Porte-cartes jaune \u00e0 M\u00e9duse Biggie"},"content":{"rendered":"<p>Achetez Versace Porte-cartes jaune \u00e0 M\u00e9duse Biggie chez FlyKicks.<br \/>\nOnly Original. Authentifi\u00e9 personnellement par des experts, Exp\u00e9dition Express Canada &amp; USA.<\/p>\n","protected":false},"excerpt":{"rendered":"<p>Achetez Versace Porte-cartes jaune \u00e0 M\u00e9duse Biggie chez FlyKicks. Only Original. Authentifi\u00e9 personnellement par des experts, Exp\u00e9dition Express Canada &amp; USA.<\/p>\n","protected":false},"featured_media":14242,"comment_status":"closed","ping_status":"closed","template":"","meta":{"_acf_changed":false,"_seopress_robots_primary_cat":"none","_seopress_titles_title":"Versace Porte-cartes jaune \u00e0 M\u00e9duse Biggie","_seopress_titles_desc":"","_seopress_robots_index":"","_mbp_gutenberg_autopost":false},"product_brand":[],"product_cat":[238],"product_tag":[],"woo-feed-brand":[],"class_list":{"0":"post-14182","1":"product","2":"type-product","3":"status-publish","4":"has-post-thumbnail","6":"product_cat-accessoires","8":"first","9":"outofstock","10":"taxable","11":"shipping-taxable","12":"purchasable","13":"product-type-simple"},"acf":[],"_links":{"self":[{"href":"https:\/\/flykicks.ca\/fr\/wp-json\/wp\/v2\/product\/14182","targetHints":{"allow":["GET"]}}],"collection":[{"href":"https:\/\/flykicks.ca\/fr\/wp-json\/wp\/v2\/product"}],"about":[{"href":"https:\/\/flykicks.ca\/fr\/wp-json\/wp\/v2\/types\/product"}],"replies":[{"embeddable":true,"href":"https:\/\/flykicks.ca\/fr\/wp-json\/wp\/v2\/comments?post=14182"}],"wp:featuredmedia":[{"embeddable":true,"href":"https:\/\/flykicks.ca\/fr\/wp-json\/wp\/v2\/media\/14242"}],"wp:attachment":[{"href":"https:\/\/flykicks.ca\/fr\/wp-json\/wp\/v2\/media?parent=14182"}],"wp:term":[{"taxonomy":"product_brand","embeddable":true,"href":"https:\/\/flykicks.ca\/fr\/wp-json\/wp\/v2\/product_brand?post=14182"},{"taxonomy":"product_cat","embeddable":true,"href":"https:\/\/flykicks.ca\/fr\/wp-json\/wp\/v2\/product_cat?post=14182"},{"taxonomy":"product_tag","embeddable":true,"href":"https:\/\/flykicks.ca\/fr\/wp-json\/wp\/v2\/product_tag?post=14182"},{"taxonomy":"woo-feed-brand","embeddable":true,"href":"https:\/\/flykicks.ca\/fr\/wp-json\/wp\/v2\/woo-feed-brand?post=14182"}],"curies":[{"name":"wp","href":"https:\/\/api.w.org\/{rel}","templated":true}]}}