{"id":14202,"date":"2023-09-11T15:23:07","date_gmt":"2023-09-11T19:23:07","guid":{"rendered":"https:\/\/flykicks.ca\/product\/versace-portefeuilles-et-porte-cartes-noir-a-cle-grecque\/"},"modified":"2025-08-28T17:54:57","modified_gmt":"2025-08-28T21:54:57","slug":"versace-portefeuilles-et-porte-cartes-noir-a-cle-grecque","status":"publish","type":"product","link":"https:\/\/flykicks.ca\/fr\/product\/versace-portefeuilles-et-porte-cartes-noir-a-cle-grecque\/","title":{"rendered":"VERSACE Portefeuilles et porte-cartes \u00ab\u00a0Noir \u00e0 Cl\u00e9 Grecque\u00a0\u00bb"},"content":{"rendered":"<p>Achetez Versace Portefeuilles et porte-cartes Noir \u00e0 cl\u00e9 grecque chez FlyKicks.<br \/>\nOnly Original. Authentifi\u00e9 personnellement par des experts, Exp\u00e9dition Express Canada &amp; USA.<\/p>\n","protected":false},"excerpt":{"rendered":"<p>Achetez Versace Portefeuilles et porte-cartes Noir \u00e0 cl\u00e9 grecque chez FlyKicks. Only Original. Authentifi\u00e9 personnellement par des experts, Exp\u00e9dition Express Canada &amp; USA.<\/p>\n","protected":false},"featured_media":14253,"comment_status":"closed","ping_status":"closed","template":"","meta":{"_acf_changed":false,"_seopress_robots_primary_cat":"none","_seopress_titles_title":"Versace Portefeuilles et porte-cartes Noir \u00e0 cl\u00e9 grecque","_seopress_titles_desc":"Achetez Versace Portefeuilles et porte-cartes Noir \u00e0 cl\u00e9 grecque chez FlyKicks.\r\nOnly Original. Authentifi\u00e9 personnellement par des experts, Exp\u00e9dition Express Canada & USA.","_seopress_robots_index":"","_mbp_gutenberg_autopost":false},"product_brand":[],"product_cat":[238],"product_tag":[],"woo-feed-brand":[],"class_list":{"0":"post-14202","1":"product","2":"type-product","3":"status-publish","4":"has-post-thumbnail","6":"product_cat-accessoires","8":"first","9":"instock","10":"taxable","11":"shipping-taxable","12":"purchasable","13":"product-type-simple"},"acf":[],"_links":{"self":[{"href":"https:\/\/flykicks.ca\/fr\/wp-json\/wp\/v2\/product\/14202","targetHints":{"allow":["GET"]}}],"collection":[{"href":"https:\/\/flykicks.ca\/fr\/wp-json\/wp\/v2\/product"}],"about":[{"href":"https:\/\/flykicks.ca\/fr\/wp-json\/wp\/v2\/types\/product"}],"replies":[{"embeddable":true,"href":"https:\/\/flykicks.ca\/fr\/wp-json\/wp\/v2\/comments?post=14202"}],"wp:featuredmedia":[{"embeddable":true,"href":"https:\/\/flykicks.ca\/fr\/wp-json\/wp\/v2\/media\/14253"}],"wp:attachment":[{"href":"https:\/\/flykicks.ca\/fr\/wp-json\/wp\/v2\/media?parent=14202"}],"wp:term":[{"taxonomy":"product_brand","embeddable":true,"href":"https:\/\/flykicks.ca\/fr\/wp-json\/wp\/v2\/product_brand?post=14202"},{"taxonomy":"product_cat","embeddable":true,"href":"https:\/\/flykicks.ca\/fr\/wp-json\/wp\/v2\/product_cat?post=14202"},{"taxonomy":"product_tag","embeddable":true,"href":"https:\/\/flykicks.ca\/fr\/wp-json\/wp\/v2\/product_tag?post=14202"},{"taxonomy":"woo-feed-brand","embeddable":true,"href":"https:\/\/flykicks.ca\/fr\/wp-json\/wp\/v2\/woo-feed-brand?post=14202"}],"curies":[{"name":"wp","href":"https:\/\/api.w.org\/{rel}","templated":true}]}}