{"id":14209,"date":"2023-09-11T15:31:41","date_gmt":"2023-09-11T19:31:41","guid":{"rendered":"https:\/\/flykicks.ca\/product\/versace-boucles-doreilles-dore-et-noir-a-meduse\/"},"modified":"2025-08-28T17:54:52","modified_gmt":"2025-08-28T21:54:52","slug":"versace-boucles-doreilles-dore-et-noir-a-meduse","status":"publish","type":"product","link":"https:\/\/flykicks.ca\/fr\/product\/versace-boucles-doreilles-dore-et-noir-a-meduse\/","title":{"rendered":"VERSACE Boucles d&rsquo;oreilles dor\u00e9 et noir \u00e0 M\u00e9duse"},"content":{"rendered":"<p>Buy Versace Boucles d&rsquo;oreilles dor\u00e9 et noir \u00e0 M\u00e9duse at FlyKicks.<br \/>\nOnly Original. Authentifi\u00e9 personnellement par des experts, Exp\u00e9dition Express Canada &amp; USA.<\/p>\n","protected":false},"excerpt":{"rendered":"<p>Buy Versace Boucles d&rsquo;oreilles dor\u00e9 et noir \u00e0 M\u00e9duse at FlyKicks. Only Original. Authentifi\u00e9 personnellement par des experts, Exp\u00e9dition Express Canada &amp; USA.<\/p>\n","protected":false},"featured_media":14255,"comment_status":"closed","ping_status":"closed","template":"","meta":{"_acf_changed":false,"_seopress_robots_primary_cat":"none","_seopress_titles_title":"Versace Boucles d'oreilles dor\u00e9 et noir \u00e0 M\u00e9duse at FlyKicks","_seopress_titles_desc":"Buy Versace Boucles d'oreilles dor\u00e9 et noir \u00e0 M\u00e9duse at FlyKicks.\r\nOnly Original. Authentifi\u00e9 personnellement par des experts, Exp\u00e9dition Express Canada & USA.","_seopress_robots_index":"","_mbp_gutenberg_autopost":false},"product_brand":[],"product_cat":[238],"product_tag":[],"woo-feed-brand":[],"class_list":{"0":"post-14209","1":"product","2":"type-product","3":"status-publish","4":"has-post-thumbnail","6":"product_cat-accessoires","8":"first","9":"outofstock","10":"taxable","11":"shipping-taxable","12":"purchasable","13":"product-type-simple"},"acf":[],"_links":{"self":[{"href":"https:\/\/flykicks.ca\/fr\/wp-json\/wp\/v2\/product\/14209","targetHints":{"allow":["GET"]}}],"collection":[{"href":"https:\/\/flykicks.ca\/fr\/wp-json\/wp\/v2\/product"}],"about":[{"href":"https:\/\/flykicks.ca\/fr\/wp-json\/wp\/v2\/types\/product"}],"replies":[{"embeddable":true,"href":"https:\/\/flykicks.ca\/fr\/wp-json\/wp\/v2\/comments?post=14209"}],"wp:featuredmedia":[{"embeddable":true,"href":"https:\/\/flykicks.ca\/fr\/wp-json\/wp\/v2\/media\/14255"}],"wp:attachment":[{"href":"https:\/\/flykicks.ca\/fr\/wp-json\/wp\/v2\/media?parent=14209"}],"wp:term":[{"taxonomy":"product_brand","embeddable":true,"href":"https:\/\/flykicks.ca\/fr\/wp-json\/wp\/v2\/product_brand?post=14209"},{"taxonomy":"product_cat","embeddable":true,"href":"https:\/\/flykicks.ca\/fr\/wp-json\/wp\/v2\/product_cat?post=14209"},{"taxonomy":"product_tag","embeddable":true,"href":"https:\/\/flykicks.ca\/fr\/wp-json\/wp\/v2\/product_tag?post=14209"},{"taxonomy":"woo-feed-brand","embeddable":true,"href":"https:\/\/flykicks.ca\/fr\/wp-json\/wp\/v2\/woo-feed-brand?post=14209"}],"curies":[{"name":"wp","href":"https:\/\/api.w.org\/{rel}","templated":true}]}}