{"id":14740,"date":"2023-10-18T16:54:05","date_gmt":"2023-10-18T20:54:05","guid":{"rendered":"https:\/\/flykicks.ca\/product\/gucci-lunettes-de-soleil-carrees-dorees\/"},"modified":"2025-08-28T17:53:55","modified_gmt":"2025-08-28T21:53:55","slug":"gucci-lunettes-de-soleil-carrees-dorees","status":"publish","type":"product","link":"https:\/\/flykicks.ca\/fr\/product\/gucci-lunettes-de-soleil-carrees-dorees\/","title":{"rendered":"GUCCI &#8211; Lunettes de soleil carr\u00e9es dor\u00e9es"},"content":{"rendered":"<p>Buy GUCCI &#8211; Lunettes de soleil carr\u00e9es dor\u00e9es at FlyKicks.<br \/>\nOnly Original. Authentifi\u00e9 personnellement par des experts, Exp\u00e9dition Express Canada &amp; USA.<\/p>\n","protected":false},"excerpt":{"rendered":"<p>Buy GUCCI &#8211; Lunettes de soleil carr\u00e9es dor\u00e9es at FlyKicks.<\/p>\n","protected":false},"featured_media":14807,"comment_status":"closed","ping_status":"closed","template":"","meta":{"_acf_changed":false,"_seopress_robots_primary_cat":"none","_seopress_titles_title":"GUCCI - Lunettes de soleil carr\u00e9es dor\u00e9es","_seopress_titles_desc":"Buy GUCCI - Lunettes de soleil carr\u00e9es dor\u00e9es at FlyKicks.\r\nOnly Original. Authentifi\u00e9 personnellement par des experts, Exp\u00e9dition Express Canada & USA.","_seopress_robots_index":"","_mbp_gutenberg_autopost":false},"product_brand":[],"product_cat":[238],"product_tag":[],"woo-feed-brand":[],"class_list":{"0":"post-14740","1":"product","2":"type-product","3":"status-publish","4":"has-post-thumbnail","6":"product_cat-accessoires","8":"first","9":"instock","10":"taxable","11":"shipping-taxable","12":"purchasable","13":"product-type-simple"},"acf":[],"_links":{"self":[{"href":"https:\/\/flykicks.ca\/fr\/wp-json\/wp\/v2\/product\/14740","targetHints":{"allow":["GET"]}}],"collection":[{"href":"https:\/\/flykicks.ca\/fr\/wp-json\/wp\/v2\/product"}],"about":[{"href":"https:\/\/flykicks.ca\/fr\/wp-json\/wp\/v2\/types\/product"}],"replies":[{"embeddable":true,"href":"https:\/\/flykicks.ca\/fr\/wp-json\/wp\/v2\/comments?post=14740"}],"wp:featuredmedia":[{"embeddable":true,"href":"https:\/\/flykicks.ca\/fr\/wp-json\/wp\/v2\/media\/14807"}],"wp:attachment":[{"href":"https:\/\/flykicks.ca\/fr\/wp-json\/wp\/v2\/media?parent=14740"}],"wp:term":[{"taxonomy":"product_brand","embeddable":true,"href":"https:\/\/flykicks.ca\/fr\/wp-json\/wp\/v2\/product_brand?post=14740"},{"taxonomy":"product_cat","embeddable":true,"href":"https:\/\/flykicks.ca\/fr\/wp-json\/wp\/v2\/product_cat?post=14740"},{"taxonomy":"product_tag","embeddable":true,"href":"https:\/\/flykicks.ca\/fr\/wp-json\/wp\/v2\/product_tag?post=14740"},{"taxonomy":"woo-feed-brand","embeddable":true,"href":"https:\/\/flykicks.ca\/fr\/wp-json\/wp\/v2\/woo-feed-brand?post=14740"}],"curies":[{"name":"wp","href":"https:\/\/api.w.org\/{rel}","templated":true}]}}