{"id":17723,"date":"2025-09-09T18:13:49","date_gmt":"2025-09-09T22:13:49","guid":{"rendered":"https:\/\/flykicks.ca\/product\/armani-beauty-parfum-stronger-with-you-100ml\/"},"modified":"2025-09-12T19:48:26","modified_gmt":"2025-09-12T23:48:26","slug":"armani-beauty-parfum-stronger-with-you-100ml","status":"publish","type":"product","link":"https:\/\/flykicks.ca\/fr\/product\/armani-beauty-parfum-stronger-with-you-100ml\/","title":{"rendered":"Armani Beauty &#8211; Parfum Stronger With You 100ml"},"content":{"rendered":"<p><strong>Notes essentielles :<\/strong> Vanille l\u00e9g\u00e8re, poivre rose, lavande<\/p>\n<p><strong>Description du parfum :<\/strong> Il s&rsquo;agit d&rsquo;une eau de Cologne masculine ambr\u00e9e qui fait tourner les t\u00eates, entrela\u00e7ant un accord de ch\u00e2taigne avec une vanille cuir\u00e9e \u00e9pic\u00e9e et chaude qui laisse une impression ldjrable d&rsquo;unit\u00e9 et de force.<strong><br \/>\n<\/strong><\/p>\n<p><strong>\u00c0 propos du flacon :<\/strong> L\u2019intensit\u00e9 aromatique et la sensualit\u00e9 de ce parfum sont inspir\u00e9es de son flacon expressif. Le flacon est habill\u00e9 d\u2019un laquage gradu\u00e9 aux tonalit\u00e9s profondes et ambr\u00e9es qui rappelle l\u2019accord marron glac\u00e9, signature du parfum. Le capuchon du flacon, en noir et argent, reprend le motif des anneaux entrelac\u00e9s qui d\u00e9finit les parfums STRONGER WITH YOU, symbole du sentiment d\u2019unit\u00e9 qu\u2019incarne cette gamme.<\/p>\n<p><strong>\u00c0 propos du parfum :<\/strong> Ce parfum doux laisse une impression inoubliable d&rsquo;unit\u00e9 et de force. Il s&rsquo;agit d&rsquo;un parfum unique et longue tenue qui capte une intensit\u00e9 envo\u00fbtante.<\/p>\n","protected":false},"excerpt":{"rendered":"<p>Notes essentielles : Vanille l\u00e9g\u00e8re, poivre rose, lavande Description du parfum : Il s&rsquo;agit d&rsquo;une eau de Cologne masculine ambr\u00e9e qui fait tourner les t\u00eates, entrela\u00e7ant un accord de ch\u00e2taigne avec une vanille cuir\u00e9e \u00e9pic\u00e9e et chaude qui laisse une impression ldjrable d&rsquo;unit\u00e9 et de force. \u00c0 propos du flacon : L\u2019intensit\u00e9 aromatique et la [&hellip;]<\/p>\n","protected":false},"featured_media":17493,"comment_status":"open","ping_status":"closed","template":"","meta":{"_acf_changed":false,"_seopress_robots_primary_cat":"none","_seopress_titles_title":"","_seopress_titles_desc":"","_seopress_robots_index":"","_mbp_gutenberg_autopost":false},"product_brand":[],"product_cat":[705,704,692,277],"product_tag":[],"woo-feed-brand":[],"class_list":{"0":"post-17723","1":"product","2":"type-product","3":"status-publish","4":"has-post-thumbnail","6":"product_cat-armani-beauty","7":"product_cat-marque-de-parfum","8":"product_cat-parfums","9":"product_cat-sin-categorizar-fr","11":"first","12":"instock","13":"taxable","14":"shipping-taxable","15":"purchasable","16":"product-type-simple"},"acf":[],"_links":{"self":[{"href":"https:\/\/flykicks.ca\/fr\/wp-json\/wp\/v2\/product\/17723","targetHints":{"allow":["GET"]}}],"collection":[{"href":"https:\/\/flykicks.ca\/fr\/wp-json\/wp\/v2\/product"}],"about":[{"href":"https:\/\/flykicks.ca\/fr\/wp-json\/wp\/v2\/types\/product"}],"replies":[{"embeddable":true,"href":"https:\/\/flykicks.ca\/fr\/wp-json\/wp\/v2\/comments?post=17723"}],"wp:featuredmedia":[{"embeddable":true,"href":"https:\/\/flykicks.ca\/fr\/wp-json\/wp\/v2\/media\/17493"}],"wp:attachment":[{"href":"https:\/\/flykicks.ca\/fr\/wp-json\/wp\/v2\/media?parent=17723"}],"wp:term":[{"taxonomy":"product_brand","embeddable":true,"href":"https:\/\/flykicks.ca\/fr\/wp-json\/wp\/v2\/product_brand?post=17723"},{"taxonomy":"product_cat","embeddable":true,"href":"https:\/\/flykicks.ca\/fr\/wp-json\/wp\/v2\/product_cat?post=17723"},{"taxonomy":"product_tag","embeddable":true,"href":"https:\/\/flykicks.ca\/fr\/wp-json\/wp\/v2\/product_tag?post=17723"},{"taxonomy":"woo-feed-brand","embeddable":true,"href":"https:\/\/flykicks.ca\/fr\/wp-json\/wp\/v2\/woo-feed-brand?post=17723"}],"curies":[{"name":"wp","href":"https:\/\/api.w.org\/{rel}","templated":true}]}}