{"id":17728,"date":"2025-09-09T17:59:39","date_gmt":"2025-09-09T21:59:39","guid":{"rendered":"https:\/\/flykicks.ca\/product\/burberry-parfum-hero-avec-cedre-50ml\/"},"modified":"2025-09-12T19:48:54","modified_gmt":"2025-09-12T23:48:54","slug":"burberry-parfum-hero-avec-cedre-50ml","status":"publish","type":"product","link":"https:\/\/flykicks.ca\/fr\/product\/burberry-parfum-hero-avec-cedre-50ml\/","title":{"rendered":"BURBERRY &#8211; Parfum Hero avec c\u00e8dre 50ml"},"content":{"rendered":"<p><strong>Notes essentielles :<\/strong> Huile de cypr\u00e8s, huile d\u2019amiris et trio de c\u00e8dre<\/p>\n<p><strong>Description du parfum :<\/strong> Ce parfum intense et puissant pour hommes s\u2019ouvre avec des huiles d\u2019amyris et de cypriol vivifiantes et se termine par une base d\u2019huiles de c\u00e8dre chaudes pour un fini bois\u00e9 profond.<\/p>\n<p><strong>\u00c0 propos du flacon :<\/strong> Le parfum est contenu dans une bouteille en verre angulaire orn\u00e9e du logo BURBERRY.<\/p>\n<p><strong>\u00c0 propos du parfum :<\/strong> Sinc\u00e8re et courageux, l\u2019homme portant le parfum BURBERRY Hero surpasse constamment ses attentes devant tous les d\u00e9fis. Non entrav\u00e9 par des id\u00e9es pr\u00e9con\u00e7ues, il se connecte \u00e0 son soi int\u00e9rieur et honore sa nature extraordinaire.<\/p>\n","protected":false},"excerpt":{"rendered":"<p>Notes essentielles : Huile de cypr\u00e8s, huile d\u2019amiris et trio de c\u00e8dre Description du parfum : Ce parfum intense et puissant pour hommes s\u2019ouvre avec des huiles d\u2019amyris et de cypriol vivifiantes et se termine par une base d\u2019huiles de c\u00e8dre chaudes pour un fini bois\u00e9 profond. \u00c0 propos du flacon : Le parfum est [&hellip;]<\/p>\n","protected":false},"featured_media":17491,"comment_status":"open","ping_status":"closed","template":"","meta":{"_acf_changed":false,"_seopress_robots_primary_cat":"none","_seopress_titles_title":"","_seopress_titles_desc":"","_seopress_robots_index":"","_mbp_gutenberg_autopost":false},"product_brand":[],"product_cat":[706,704,692],"product_tag":[],"woo-feed-brand":[],"class_list":{"0":"post-17728","1":"product","2":"type-product","3":"status-publish","4":"has-post-thumbnail","6":"product_cat-burberry","7":"product_cat-marque-de-parfum","8":"product_cat-parfums","10":"first","11":"instock","12":"taxable","13":"shipping-taxable","14":"purchasable","15":"product-type-simple"},"acf":[],"_links":{"self":[{"href":"https:\/\/flykicks.ca\/fr\/wp-json\/wp\/v2\/product\/17728","targetHints":{"allow":["GET"]}}],"collection":[{"href":"https:\/\/flykicks.ca\/fr\/wp-json\/wp\/v2\/product"}],"about":[{"href":"https:\/\/flykicks.ca\/fr\/wp-json\/wp\/v2\/types\/product"}],"replies":[{"embeddable":true,"href":"https:\/\/flykicks.ca\/fr\/wp-json\/wp\/v2\/comments?post=17728"}],"wp:featuredmedia":[{"embeddable":true,"href":"https:\/\/flykicks.ca\/fr\/wp-json\/wp\/v2\/media\/17491"}],"wp:attachment":[{"href":"https:\/\/flykicks.ca\/fr\/wp-json\/wp\/v2\/media?parent=17728"}],"wp:term":[{"taxonomy":"product_brand","embeddable":true,"href":"https:\/\/flykicks.ca\/fr\/wp-json\/wp\/v2\/product_brand?post=17728"},{"taxonomy":"product_cat","embeddable":true,"href":"https:\/\/flykicks.ca\/fr\/wp-json\/wp\/v2\/product_cat?post=17728"},{"taxonomy":"product_tag","embeddable":true,"href":"https:\/\/flykicks.ca\/fr\/wp-json\/wp\/v2\/product_tag?post=17728"},{"taxonomy":"woo-feed-brand","embeddable":true,"href":"https:\/\/flykicks.ca\/fr\/wp-json\/wp\/v2\/woo-feed-brand?post=17728"}],"curies":[{"name":"wp","href":"https:\/\/api.w.org\/{rel}","templated":true}]}}