{"id":17750,"date":"2025-09-09T17:08:02","date_gmt":"2025-09-09T21:08:02","guid":{"rendered":"https:\/\/flykicks.ca\/product\/burberry-eau-de-toilette-hero\/"},"modified":"2025-09-12T19:51:14","modified_gmt":"2025-09-12T23:51:14","slug":"burberry-eau-de-toilette-hero","status":"publish","type":"product","link":"https:\/\/flykicks.ca\/fr\/product\/burberry-eau-de-toilette-hero\/","title":{"rendered":"BURBERRY &#8211; Eau de toilette Hero 100ml"},"content":{"rendered":"<p><b>Notes essentielles :<\/b> Essence de bergamote, trio de bois de c\u00e8dre, poivre noir et gen\u00e9vrier<\/p>\n<p><b>Description du parfum :<\/b> La fra\u00eecheur vibrante de la bergamote est revigor\u00e9e par le geni\u00e8vre et le poivre noir et s\u2019intensifie avec un c\u0153ur de bois de c\u00e8dre; un nouvel homme, un nouveau h\u00e9ros. D\u00e9couvrez l\u2019eau de toilette Hero, le nouvel esprit masculin de BURBERRY qui explore la libert\u00e9 comme h\u00e9ro\u00efsme moderne.<\/p>\n<p><b>\u00c0 propos du flacon :<\/b> Fra\u00eeche, lumineuse et audacieuse, l\u2019eau de Cologne est illumin\u00e9e par la bergamote p\u00e9tillante et revigor\u00e9e de geni\u00e8vre et de poivre noir. Un ingr\u00e9dient britannique classique de la palette du parfumeur, le geni\u00e8vre apporte une fra\u00eecheur vibrante au parfum et est renforc\u00e9 par un trio d\u2019huiles de bois de c\u00e8dre chaud provenant de trois cha\u00eenes de montagnes distinctes : les Appalaches en Virginie, les montagnes Atlas en Afrique et l\u2019Himalaya en Asie.<\/p>\n","protected":false},"excerpt":{"rendered":"<p>Notes essentielles : Essence de bergamote, trio de bois de c\u00e8dre, poivre noir et gen\u00e9vrier Description du parfum : La fra\u00eecheur vibrante de la bergamote est revigor\u00e9e par le geni\u00e8vre et le poivre noir et s\u2019intensifie avec un c\u0153ur de bois de c\u00e8dre; un nouvel homme, un nouveau h\u00e9ros. D\u00e9couvrez l\u2019eau de toilette Hero, le [&hellip;]<\/p>\n","protected":false},"featured_media":17479,"comment_status":"open","ping_status":"closed","template":"","meta":{"_acf_changed":false,"_seopress_robots_primary_cat":"none","_seopress_titles_title":"","_seopress_titles_desc":"","_seopress_robots_index":"","_mbp_gutenberg_autopost":false},"product_brand":[],"product_cat":[706,704,692],"product_tag":[],"woo-feed-brand":[],"class_list":{"0":"post-17750","1":"product","2":"type-product","3":"status-publish","4":"has-post-thumbnail","6":"product_cat-burberry","7":"product_cat-marque-de-parfum","8":"product_cat-parfums","10":"first","11":"instock","12":"taxable","13":"shipping-taxable","14":"purchasable","15":"product-type-variable"},"acf":[],"_links":{"self":[{"href":"https:\/\/flykicks.ca\/fr\/wp-json\/wp\/v2\/product\/17750","targetHints":{"allow":["GET"]}}],"collection":[{"href":"https:\/\/flykicks.ca\/fr\/wp-json\/wp\/v2\/product"}],"about":[{"href":"https:\/\/flykicks.ca\/fr\/wp-json\/wp\/v2\/types\/product"}],"replies":[{"embeddable":true,"href":"https:\/\/flykicks.ca\/fr\/wp-json\/wp\/v2\/comments?post=17750"}],"wp:featuredmedia":[{"embeddable":true,"href":"https:\/\/flykicks.ca\/fr\/wp-json\/wp\/v2\/media\/17479"}],"wp:attachment":[{"href":"https:\/\/flykicks.ca\/fr\/wp-json\/wp\/v2\/media?parent=17750"}],"wp:term":[{"taxonomy":"product_brand","embeddable":true,"href":"https:\/\/flykicks.ca\/fr\/wp-json\/wp\/v2\/product_brand?post=17750"},{"taxonomy":"product_cat","embeddable":true,"href":"https:\/\/flykicks.ca\/fr\/wp-json\/wp\/v2\/product_cat?post=17750"},{"taxonomy":"product_tag","embeddable":true,"href":"https:\/\/flykicks.ca\/fr\/wp-json\/wp\/v2\/product_tag?post=17750"},{"taxonomy":"woo-feed-brand","embeddable":true,"href":"https:\/\/flykicks.ca\/fr\/wp-json\/wp\/v2\/woo-feed-brand?post=17750"}],"curies":[{"name":"wp","href":"https:\/\/api.w.org\/{rel}","templated":true}]}}