{"id":17755,"date":"2025-09-09T17:00:52","date_gmt":"2025-09-09T21:00:52","guid":{"rendered":"https:\/\/flykicks.ca\/product\/marc-jacobs-fragrances-eau-de-parfum-daisy-ever-so-fresh\/"},"modified":"2025-09-12T19:51:35","modified_gmt":"2025-09-12T23:51:35","slug":"marc-jacobs-fragrances-eau-de-parfum-daisy-ever-so-fresh","status":"publish","type":"product","link":"https:\/\/flykicks.ca\/fr\/product\/marc-jacobs-fragrances-eau-de-parfum-daisy-ever-so-fresh\/","title":{"rendered":"Marc Jacobs Fragrances &#8211; Eau de parfum Daisy Ever So Fresh 75ml"},"content":{"rendered":"<p><b>Notes essentielles :<\/b> Mangue, eau de rose, bois de cachemire<\/p>\n<p><b>Description du parfum :<\/b> Daisy Ever So Fresh est un parfum \u00e0 longue tenue dot\u00e9 d\u2019un bouquet de notes d\u2019agrumes juteuses qui capturent la sensation fantaisiste du soleil, ainsi que d\u2019eau de rose radieuse ajoutant une touche florale inn\u00e9e \u00e0 son c\u0153ur. Les bois de cachemire enveloppent le parfum d\u2019une chaleur a\u00e9r\u00e9e, mais dynamique.<\/p>\n<p><b>\u00c0 propos du parfum :<\/b> Les notes se combinent en harmonie brillante pour offrir un parfum enchanteur et durable. Daisy Ever So Fresh inspire la spontan\u00e9it\u00e9 par son esprit de jeunesse et son charme effervescent.<\/p>\n","protected":false},"excerpt":{"rendered":"<p>Notes essentielles : Mangue, eau de rose, bois de cachemire Description du parfum : Daisy Ever So Fresh est un parfum \u00e0 longue tenue dot\u00e9 d\u2019un bouquet de notes d\u2019agrumes juteuses qui capturent la sensation fantaisiste du soleil, ainsi que d\u2019eau de rose radieuse ajoutant une touche florale inn\u00e9e \u00e0 son c\u0153ur. Les bois de [&hellip;]<\/p>\n","protected":false},"featured_media":17477,"comment_status":"open","ping_status":"closed","template":"","meta":{"_acf_changed":false,"_seopress_robots_primary_cat":"none","_seopress_titles_title":"","_seopress_titles_desc":"","_seopress_robots_index":"","_mbp_gutenberg_autopost":false},"product_brand":[],"product_cat":[710,704,692],"product_tag":[],"woo-feed-brand":[],"class_list":{"0":"post-17755","1":"product","2":"type-product","3":"status-publish","4":"has-post-thumbnail","6":"product_cat-marc-jacobs","7":"product_cat-marque-de-parfum","8":"product_cat-parfums","10":"first","11":"instock","12":"taxable","13":"shipping-taxable","14":"purchasable","15":"product-type-simple"},"acf":[],"_links":{"self":[{"href":"https:\/\/flykicks.ca\/fr\/wp-json\/wp\/v2\/product\/17755","targetHints":{"allow":["GET"]}}],"collection":[{"href":"https:\/\/flykicks.ca\/fr\/wp-json\/wp\/v2\/product"}],"about":[{"href":"https:\/\/flykicks.ca\/fr\/wp-json\/wp\/v2\/types\/product"}],"replies":[{"embeddable":true,"href":"https:\/\/flykicks.ca\/fr\/wp-json\/wp\/v2\/comments?post=17755"}],"wp:featuredmedia":[{"embeddable":true,"href":"https:\/\/flykicks.ca\/fr\/wp-json\/wp\/v2\/media\/17477"}],"wp:attachment":[{"href":"https:\/\/flykicks.ca\/fr\/wp-json\/wp\/v2\/media?parent=17755"}],"wp:term":[{"taxonomy":"product_brand","embeddable":true,"href":"https:\/\/flykicks.ca\/fr\/wp-json\/wp\/v2\/product_brand?post=17755"},{"taxonomy":"product_cat","embeddable":true,"href":"https:\/\/flykicks.ca\/fr\/wp-json\/wp\/v2\/product_cat?post=17755"},{"taxonomy":"product_tag","embeddable":true,"href":"https:\/\/flykicks.ca\/fr\/wp-json\/wp\/v2\/product_tag?post=17755"},{"taxonomy":"woo-feed-brand","embeddable":true,"href":"https:\/\/flykicks.ca\/fr\/wp-json\/wp\/v2\/woo-feed-brand?post=17755"}],"curies":[{"name":"wp","href":"https:\/\/api.w.org\/{rel}","templated":true}]}}