{"id":17760,"date":"2025-09-09T16:38:58","date_gmt":"2025-09-09T20:38:58","guid":{"rendered":"https:\/\/flykicks.ca\/product\/yves-saint-laurent-eau-de-parfum-libre-flowers-flames\/"},"modified":"2025-09-12T19:51:59","modified_gmt":"2025-09-12T23:51:59","slug":"yves-saint-laurent-eau-de-parfum-libre-flowers-flames","status":"publish","type":"product","link":"https:\/\/flykicks.ca\/fr\/product\/yves-saint-laurent-eau-de-parfum-libre-flowers-flames\/","title":{"rendered":"Yves Saint Laurent &#8211; Eau de parfum Libre Flowers &amp; Flames"},"content":{"rendered":"<div class=\"css-1uzy5bx e15t7owz0\" data-comp=\"BaseComponent \">\n<div>\n<p><b>Notes essentielles :<\/b> Accord de fleurs de palmier, accord de fleurs de lys, absolu de fleur d\u2019oranger<\/p>\n<p><b>Description du parfum :<\/b> Une interpr\u00e9tation ensoleill\u00e9e, chaleureuse et sensuelle de l\u2019embl\u00e9matique Libre. Au c\u0153ur de cette fragrance fleurit une fleur de palmier-cocotier, chaleureuse et cr\u00e9meuse, m\u00e9lang\u00e9e \u00e0 une fleur de lys \u00e9pic\u00e9e et solaire. Sous cette explosion florale, la riche vanille ajoute de la chaleur et un effet inoubliable de longue tenue.<\/p>\n<p><b>\u00c0 propos du flacon :<\/b> Un flacon de parfum sexy qui s\u2019inspire des codes floraux classiques. \u00c9clair\u00e9 par une couleur sable dor\u00e9, ce joyau floral refl\u00e8te l\u2019\u00e9clat et la chaleur de ses notes olfactives. Une teinte \u00e9l\u00e9gante pour votre garde-robe.<\/p>\n<p><b>\u00c0 propos du parfum :<\/b> Ce parfum sensuel et chaleureux pour femmes repr\u00e9sente l\u2019\u00e9panouissement infini que procure la libert\u00e9.<\/p>\n<\/div>\n<\/div>\n","protected":false},"excerpt":{"rendered":"<p>Notes essentielles : Accord de fleurs de palmier, accord de fleurs de lys, absolu de fleur d\u2019oranger Description du parfum : Une interpr\u00e9tation ensoleill\u00e9e, chaleureuse et sensuelle de l\u2019embl\u00e9matique Libre. Au c\u0153ur de cette fragrance fleurit une fleur de palmier-cocotier, chaleureuse et cr\u00e9meuse, m\u00e9lang\u00e9e \u00e0 une fleur de lys \u00e9pic\u00e9e et solaire. Sous cette explosion [&hellip;]<\/p>\n","protected":false},"featured_media":17475,"comment_status":"open","ping_status":"closed","template":"","meta":{"_acf_changed":false,"_seopress_robots_primary_cat":"none","_seopress_titles_title":"","_seopress_titles_desc":"","_seopress_robots_index":"","_mbp_gutenberg_autopost":false},"product_brand":[],"product_cat":[704,692,714],"product_tag":[],"woo-feed-brand":[],"class_list":{"0":"post-17760","1":"product","2":"type-product","3":"status-publish","4":"has-post-thumbnail","6":"product_cat-marque-de-parfum","7":"product_cat-parfums","8":"product_cat-yves-saint-laurent","10":"first","11":"instock","12":"taxable","13":"shipping-taxable","14":"purchasable","15":"product-type-variable"},"acf":[],"_links":{"self":[{"href":"https:\/\/flykicks.ca\/fr\/wp-json\/wp\/v2\/product\/17760","targetHints":{"allow":["GET"]}}],"collection":[{"href":"https:\/\/flykicks.ca\/fr\/wp-json\/wp\/v2\/product"}],"about":[{"href":"https:\/\/flykicks.ca\/fr\/wp-json\/wp\/v2\/types\/product"}],"replies":[{"embeddable":true,"href":"https:\/\/flykicks.ca\/fr\/wp-json\/wp\/v2\/comments?post=17760"}],"wp:featuredmedia":[{"embeddable":true,"href":"https:\/\/flykicks.ca\/fr\/wp-json\/wp\/v2\/media\/17475"}],"wp:attachment":[{"href":"https:\/\/flykicks.ca\/fr\/wp-json\/wp\/v2\/media?parent=17760"}],"wp:term":[{"taxonomy":"product_brand","embeddable":true,"href":"https:\/\/flykicks.ca\/fr\/wp-json\/wp\/v2\/product_brand?post=17760"},{"taxonomy":"product_cat","embeddable":true,"href":"https:\/\/flykicks.ca\/fr\/wp-json\/wp\/v2\/product_cat?post=17760"},{"taxonomy":"product_tag","embeddable":true,"href":"https:\/\/flykicks.ca\/fr\/wp-json\/wp\/v2\/product_tag?post=17760"},{"taxonomy":"woo-feed-brand","embeddable":true,"href":"https:\/\/flykicks.ca\/fr\/wp-json\/wp\/v2\/woo-feed-brand?post=17760"}],"curies":[{"name":"wp","href":"https:\/\/api.w.org\/{rel}","templated":true}]}}