{"id":17767,"date":"2025-09-08T12:57:54","date_gmt":"2025-09-08T16:57:54","guid":{"rendered":"https:\/\/flykicks.ca\/product\/tom-ford-eau-de-parfum-ebene-fume\/"},"modified":"2025-09-12T19:52:42","modified_gmt":"2025-09-12T23:52:42","slug":"tom-ford-eau-de-parfum-ebene-fume","status":"publish","type":"product","link":"https:\/\/flykicks.ca\/fr\/product\/tom-ford-eau-de-parfum-ebene-fume\/","title":{"rendered":"TOM FORD &#8211; Eau de parfum \u00c9b\u00e8ne Fum\u00e9 50ml"},"content":{"rendered":"<p><b>Notes essentielles :<\/b> Accord de bois de Palo Santo, accord d\u2019\u00e9b\u00e8ne et rose<\/p>\n<p><b>Description du parfum :<\/b> L\u2019eau de parfum \u00c9b\u00c8ne Fum\u00c9 est comme si la pleine conscience rencontre l\u2019opulence. Ce parfum intens\u00e9ment m\u00e9ditatif c\u00e9l\u00e8bre l\u2019essence mystique de la fum\u00e9e de Palo Santo, attis\u00e9e par l\u2019\u00e9l\u00e9gance chaleureuse de l\u2019absolu de ciste, le s\u00e9duisant poivre noir et les notes de bois d\u2019\u00e9b\u00e8ne, captur\u00e9s dans des notes de cuir sublimes et \u00e9pur\u00e9es.<\/p>\n<p><b>\u00c0 propos du flacon :<\/b> Le parfum \u00c9B\u00c8NE FUM\u00c9 est contenu dans un flacon transparent Private Blend qui met en valeur la richesse du jus, et est con\u00e7u avec une plaque en relief et un capuchon en acajou \u00e9voquant Palo Santo. Sculpt\u00e9s avec un savoir-faire exceptionnel, les flacons embellisent n\u2019importe quelle coiffeuse ou zone de soins.<\/p>\n<p><b>\u00c0 propos du parfum :<\/b> L\u2019eau de parfum \u00c9B\u00c8NE FUM\u00c9 fusionne les pouvoirs purifiants du bois Palo Santo avec du bois d\u2019\u00e9b\u00e8ne flamboyant et du calme m\u00e9ditatif.<\/p>\n","protected":false},"excerpt":{"rendered":"<p>Notes essentielles : Accord de bois de Palo Santo, accord d\u2019\u00e9b\u00e8ne et rose Description du parfum : L\u2019eau de parfum \u00c9b\u00c8ne Fum\u00c9 est comme si la pleine conscience rencontre l\u2019opulence. Ce parfum intens\u00e9ment m\u00e9ditatif c\u00e9l\u00e8bre l\u2019essence mystique de la fum\u00e9e de Palo Santo, attis\u00e9e par l\u2019\u00e9l\u00e9gance chaleureuse de l\u2019absolu de ciste, le s\u00e9duisant poivre noir [&hellip;]<\/p>\n","protected":false},"featured_media":17471,"comment_status":"open","ping_status":"closed","template":"","meta":{"_acf_changed":false,"_seopress_robots_primary_cat":"none","_seopress_titles_title":"","_seopress_titles_desc":"","_seopress_robots_index":"","_mbp_gutenberg_autopost":false},"product_brand":[],"product_cat":[704,692,713],"product_tag":[],"woo-feed-brand":[],"class_list":{"0":"post-17767","1":"product","2":"type-product","3":"status-publish","4":"has-post-thumbnail","6":"product_cat-marque-de-parfum","7":"product_cat-parfums","8":"product_cat-tom-ford","10":"first","11":"instock","12":"taxable","13":"shipping-taxable","14":"purchasable","15":"product-type-simple"},"acf":[],"_links":{"self":[{"href":"https:\/\/flykicks.ca\/fr\/wp-json\/wp\/v2\/product\/17767","targetHints":{"allow":["GET"]}}],"collection":[{"href":"https:\/\/flykicks.ca\/fr\/wp-json\/wp\/v2\/product"}],"about":[{"href":"https:\/\/flykicks.ca\/fr\/wp-json\/wp\/v2\/types\/product"}],"replies":[{"embeddable":true,"href":"https:\/\/flykicks.ca\/fr\/wp-json\/wp\/v2\/comments?post=17767"}],"wp:featuredmedia":[{"embeddable":true,"href":"https:\/\/flykicks.ca\/fr\/wp-json\/wp\/v2\/media\/17471"}],"wp:attachment":[{"href":"https:\/\/flykicks.ca\/fr\/wp-json\/wp\/v2\/media?parent=17767"}],"wp:term":[{"taxonomy":"product_brand","embeddable":true,"href":"https:\/\/flykicks.ca\/fr\/wp-json\/wp\/v2\/product_brand?post=17767"},{"taxonomy":"product_cat","embeddable":true,"href":"https:\/\/flykicks.ca\/fr\/wp-json\/wp\/v2\/product_cat?post=17767"},{"taxonomy":"product_tag","embeddable":true,"href":"https:\/\/flykicks.ca\/fr\/wp-json\/wp\/v2\/product_tag?post=17767"},{"taxonomy":"woo-feed-brand","embeddable":true,"href":"https:\/\/flykicks.ca\/fr\/wp-json\/wp\/v2\/woo-feed-brand?post=17767"}],"curies":[{"name":"wp","href":"https:\/\/api.w.org\/{rel}","templated":true}]}}