{"id":17772,"date":"2025-09-08T12:52:43","date_gmt":"2025-09-08T16:52:43","guid":{"rendered":"https:\/\/flykicks.ca\/product\/tom-ford-eau-de-parfum-santal-blush\/"},"modified":"2025-09-12T19:53:07","modified_gmt":"2025-09-12T23:53:07","slug":"tom-ford-eau-de-parfum-santal-blush","status":"publish","type":"product","link":"https:\/\/flykicks.ca\/fr\/product\/tom-ford-eau-de-parfum-santal-blush\/","title":{"rendered":"TOM FORD &#8211; Eau de parfum Santal Blush 50ml"},"content":{"rendered":"<p><b>Notes essentielles :<\/b> Huile d\u2019\u00e9corce de cannelier, ylang-ylang, bois de santal australien<\/p>\n<p><b>Description du parfum :<\/b> Ce parfum est un oriental bois\u00e9 et \u00e9pic\u00e9 fascinant, avec une fusion textur\u00e9e de bois de santal onctueux et d\u2019\u00e9pices orientales exotiques rehauss\u00e9es de fleurs prestigieuses et de bois somptueux. Ce parfum s\u00e9duit par son aspect terreux moderne et sa chaleur de seconde peau.<\/p>\n<p><b>\u00c0 propos du flacon :<\/b> L\u2019eau de parfum Santal Blush est log\u00e9e dans une version claire du flacon au m\u00e9lange priv\u00e9 culte, r\u00e9v\u00e9lant le jus \u00e0 nu. Le flacon pr\u00e9sente le style architectural \u00e9l\u00e9gant d\u2019une pi\u00e8ce d\u2019\u00e9chec, apportant une beaut\u00e9 extravagante \u00e0 une coiffeuse ou zone de soins.<\/p>\n<p><b>\u00c0 propos du parfum :<\/b> \u00ab Une fusion textur\u00e9e de bois de santal onctueux et d\u2019\u00e9pices exotiques orientales rehauss\u00e9e par des fleurs et bois somptueux pour cr\u00e9er la douceur d\u2019une volupt\u00e9 \u00e0 nu, dans un esprit myst\u00e9rieux. \u00bb \u2013 TOM FORD<\/p>\n","protected":false},"excerpt":{"rendered":"<p>Notes essentielles : Huile d\u2019\u00e9corce de cannelier, ylang-ylang, bois de santal australien Description du parfum : Ce parfum est un oriental bois\u00e9 et \u00e9pic\u00e9 fascinant, avec une fusion textur\u00e9e de bois de santal onctueux et d\u2019\u00e9pices orientales exotiques rehauss\u00e9es de fleurs prestigieuses et de bois somptueux. Ce parfum s\u00e9duit par son aspect terreux moderne et [&hellip;]<\/p>\n","protected":false},"featured_media":17473,"comment_status":"open","ping_status":"closed","template":"","meta":{"_acf_changed":false,"_seopress_robots_primary_cat":"none","_seopress_titles_title":"","_seopress_titles_desc":"","_seopress_robots_index":"","_mbp_gutenberg_autopost":false},"product_brand":[],"product_cat":[704,692,713],"product_tag":[],"woo-feed-brand":[],"class_list":{"0":"post-17772","1":"product","2":"type-product","3":"status-publish","4":"has-post-thumbnail","6":"product_cat-marque-de-parfum","7":"product_cat-parfums","8":"product_cat-tom-ford","10":"first","11":"instock","12":"taxable","13":"shipping-taxable","14":"purchasable","15":"product-type-simple"},"acf":[],"_links":{"self":[{"href":"https:\/\/flykicks.ca\/fr\/wp-json\/wp\/v2\/product\/17772","targetHints":{"allow":["GET"]}}],"collection":[{"href":"https:\/\/flykicks.ca\/fr\/wp-json\/wp\/v2\/product"}],"about":[{"href":"https:\/\/flykicks.ca\/fr\/wp-json\/wp\/v2\/types\/product"}],"replies":[{"embeddable":true,"href":"https:\/\/flykicks.ca\/fr\/wp-json\/wp\/v2\/comments?post=17772"}],"wp:featuredmedia":[{"embeddable":true,"href":"https:\/\/flykicks.ca\/fr\/wp-json\/wp\/v2\/media\/17473"}],"wp:attachment":[{"href":"https:\/\/flykicks.ca\/fr\/wp-json\/wp\/v2\/media?parent=17772"}],"wp:term":[{"taxonomy":"product_brand","embeddable":true,"href":"https:\/\/flykicks.ca\/fr\/wp-json\/wp\/v2\/product_brand?post=17772"},{"taxonomy":"product_cat","embeddable":true,"href":"https:\/\/flykicks.ca\/fr\/wp-json\/wp\/v2\/product_cat?post=17772"},{"taxonomy":"product_tag","embeddable":true,"href":"https:\/\/flykicks.ca\/fr\/wp-json\/wp\/v2\/product_tag?post=17772"},{"taxonomy":"woo-feed-brand","embeddable":true,"href":"https:\/\/flykicks.ca\/fr\/wp-json\/wp\/v2\/woo-feed-brand?post=17772"}],"curies":[{"name":"wp","href":"https:\/\/api.w.org\/{rel}","templated":true}]}}