{"id":17777,"date":"2025-09-08T12:40:20","date_gmt":"2025-09-08T16:40:20","guid":{"rendered":"https:\/\/flykicks.ca\/product\/tom-ford-eau-de-parfum-rose-prick\/"},"modified":"2025-09-12T19:53:29","modified_gmt":"2025-09-12T23:53:29","slug":"tom-ford-eau-de-parfum-rose-prick","status":"publish","type":"product","link":"https:\/\/flykicks.ca\/fr\/product\/tom-ford-eau-de-parfum-rose-prick\/","title":{"rendered":"TOM FORD &#8211; Eau de parfum Rose Prick 50ml"},"content":{"rendered":"<p><b>Notes essentielles :<\/b> Rose de Mai, Rose Bulgare, Poivre de Sichuan<\/p>\n<p><b>Description du parfum :<\/b> Un bouquet sauvage d\u2019esp\u00e8ces de rose inspir\u00e9 par le jardin de roses priv\u00e9 de Tom Ford, Rose Prick pr\u00e9sente la rose de Bulgarie et la rose de mai perc\u00e9e d\u2019\u00e9pines de poivre et d\u02bc\u00e9pices flamboyants, tandis que le patchouli indon\u00e9sien entoure le c\u0153ur pr\u00e9cieux de la rose turque. Tranchant et impeccable, il s\u02bcagit d\u02bcun parfum si agr\u00e9able qu\u02bcil blesse.<\/p>\n<p><b>\u00c0 propos du flacon :<\/b> Rose Pick est contenu dans un flacon rose opaque et mat. Dot\u00e9 d\u2019un capuchon \u00e0 incrustation m\u00e9tallique noir mat, le flacon de 50 ml pr\u00e9sente le style architectural \u00e9l\u00e9gant d\u2019une pi\u00e8ce d\u2019\u00e9chec, ajoutant une beaut\u00e9 monumentale \u00e0 n\u2019importe quelle coiffeuse.<\/p>\n<p><b>\u00c0 propos du parfum :<\/b> \u00ab Pulpe\u2026 p\u00e9tales\u2026 \u00e9pines. Inspir\u00e9 par mon jardin de roses priv\u00e9, Rose Prick est un bouquet sauvage de belles esp\u00e8ces, une trilogie de rose de mai, de rose turque et de rose bulgare. Tranchantes et impeccables, les tiges se croisent l\u2019une sur l\u2019autre, ce qui relient leurs fleurs dans une perfection de rose. \u00bb \u2013 Tom Ford<\/p>\n","protected":false},"excerpt":{"rendered":"<p>Notes essentielles : Rose de Mai, Rose Bulgare, Poivre de Sichuan Description du parfum : Un bouquet sauvage d\u2019esp\u00e8ces de rose inspir\u00e9 par le jardin de roses priv\u00e9 de Tom Ford, Rose Prick pr\u00e9sente la rose de Bulgarie et la rose de mai perc\u00e9e d\u2019\u00e9pines de poivre et d\u02bc\u00e9pices flamboyants, tandis que le patchouli indon\u00e9sien [&hellip;]<\/p>\n","protected":false},"featured_media":17469,"comment_status":"open","ping_status":"closed","template":"","meta":{"_acf_changed":false,"_seopress_robots_primary_cat":"none","_seopress_titles_title":"","_seopress_titles_desc":"","_seopress_robots_index":"","_mbp_gutenberg_autopost":false},"product_brand":[],"product_cat":[704,692,713],"product_tag":[],"woo-feed-brand":[],"class_list":{"0":"post-17777","1":"product","2":"type-product","3":"status-publish","4":"has-post-thumbnail","6":"product_cat-marque-de-parfum","7":"product_cat-parfums","8":"product_cat-tom-ford","10":"first","11":"instock","12":"taxable","13":"shipping-taxable","14":"purchasable","15":"product-type-simple"},"acf":[],"_links":{"self":[{"href":"https:\/\/flykicks.ca\/fr\/wp-json\/wp\/v2\/product\/17777","targetHints":{"allow":["GET"]}}],"collection":[{"href":"https:\/\/flykicks.ca\/fr\/wp-json\/wp\/v2\/product"}],"about":[{"href":"https:\/\/flykicks.ca\/fr\/wp-json\/wp\/v2\/types\/product"}],"replies":[{"embeddable":true,"href":"https:\/\/flykicks.ca\/fr\/wp-json\/wp\/v2\/comments?post=17777"}],"wp:featuredmedia":[{"embeddable":true,"href":"https:\/\/flykicks.ca\/fr\/wp-json\/wp\/v2\/media\/17469"}],"wp:attachment":[{"href":"https:\/\/flykicks.ca\/fr\/wp-json\/wp\/v2\/media?parent=17777"}],"wp:term":[{"taxonomy":"product_brand","embeddable":true,"href":"https:\/\/flykicks.ca\/fr\/wp-json\/wp\/v2\/product_brand?post=17777"},{"taxonomy":"product_cat","embeddable":true,"href":"https:\/\/flykicks.ca\/fr\/wp-json\/wp\/v2\/product_cat?post=17777"},{"taxonomy":"product_tag","embeddable":true,"href":"https:\/\/flykicks.ca\/fr\/wp-json\/wp\/v2\/product_tag?post=17777"},{"taxonomy":"woo-feed-brand","embeddable":true,"href":"https:\/\/flykicks.ca\/fr\/wp-json\/wp\/v2\/woo-feed-brand?post=17777"}],"curies":[{"name":"wp","href":"https:\/\/api.w.org\/{rel}","templated":true}]}}