{"id":17782,"date":"2025-09-08T12:15:14","date_gmt":"2025-09-08T16:15:14","guid":{"rendered":"https:\/\/flykicks.ca\/product\/tom-ford-eau-de-parfum-soleil-blanc\/"},"modified":"2025-09-12T19:54:08","modified_gmt":"2025-09-12T23:54:08","slug":"tom-ford-eau-de-parfum-soleil-blanc","status":"publish","type":"product","link":"https:\/\/flykicks.ca\/fr\/product\/tom-ford-eau-de-parfum-soleil-blanc\/","title":{"rendered":"TOM FORD &#8211; Eau de parfum Soleil Blanc 50ml"},"content":{"rendered":"<p><b>Notes essentielles :<\/b> Coco de Mer, Ylang Ylang Comores Islands, Cardamom<\/p>\n<p><b>Description du parfum :<\/b> L\u2019eau de parfum Soleil Blanc est un parfum ambr\u00e9 solaire et floral enivrant infus\u00e9 de coco de mer. Il est vivant avec de la cardamome s\u00e9duisante et de l\u2019ylang-ylang d\u00e9licieusement rafra\u00eechissant et \u00e9voque la recherche infinie du soleil et du luxe.<\/p>\n<p><b>\u00c0 propos du flacon :<\/b> Soleil Blanc est contenu dans un flacon au m\u00e9lange priv\u00e9 blanc embl\u00e9matique. Dot\u00e9 d\u2019un capuchon \u00e0 incrustation m\u00e9tallique dor\u00e9, le flacon pr\u00e9sente le style architectural \u00e9l\u00e9gant d\u2019une pi\u00e8ce d\u2019\u00e9chec, ajoutant une beaut\u00e9 monumentale \u00e0 n\u2019importe quelle coiffeuse.<\/p>\n<p><b>\u00c0 propos du parfum :<\/b> \u00ab Soleil Blanc est inattendu, sensuel et addictif. C\u2019est un parfum ambr\u00e9 solaire et floral qui \u00e9voque sans compromis la recherche du soleil et du luxe qui d\u00e9finit Soleil. \u00bb \u2013 Tom Ford<\/p>\n","protected":false},"excerpt":{"rendered":"<p>Notes essentielles : Coco de Mer, Ylang Ylang Comores Islands, Cardamom Description du parfum : L\u2019eau de parfum Soleil Blanc est un parfum ambr\u00e9 solaire et floral enivrant infus\u00e9 de coco de mer. Il est vivant avec de la cardamome s\u00e9duisante et de l\u2019ylang-ylang d\u00e9licieusement rafra\u00eechissant et \u00e9voque la recherche infinie du soleil et du [&hellip;]<\/p>\n","protected":false},"featured_media":17467,"comment_status":"open","ping_status":"closed","template":"","meta":{"_acf_changed":false,"_seopress_robots_primary_cat":"none","_seopress_titles_title":"","_seopress_titles_desc":"","_seopress_robots_index":"","_mbp_gutenberg_autopost":false},"product_brand":[],"product_cat":[704,692,713],"product_tag":[],"woo-feed-brand":[],"class_list":{"0":"post-17782","1":"product","2":"type-product","3":"status-publish","4":"has-post-thumbnail","6":"product_cat-marque-de-parfum","7":"product_cat-parfums","8":"product_cat-tom-ford","10":"first","11":"outofstock","12":"taxable","13":"shipping-taxable","14":"purchasable","15":"product-type-simple"},"acf":[],"_links":{"self":[{"href":"https:\/\/flykicks.ca\/fr\/wp-json\/wp\/v2\/product\/17782","targetHints":{"allow":["GET"]}}],"collection":[{"href":"https:\/\/flykicks.ca\/fr\/wp-json\/wp\/v2\/product"}],"about":[{"href":"https:\/\/flykicks.ca\/fr\/wp-json\/wp\/v2\/types\/product"}],"replies":[{"embeddable":true,"href":"https:\/\/flykicks.ca\/fr\/wp-json\/wp\/v2\/comments?post=17782"}],"wp:featuredmedia":[{"embeddable":true,"href":"https:\/\/flykicks.ca\/fr\/wp-json\/wp\/v2\/media\/17467"}],"wp:attachment":[{"href":"https:\/\/flykicks.ca\/fr\/wp-json\/wp\/v2\/media?parent=17782"}],"wp:term":[{"taxonomy":"product_brand","embeddable":true,"href":"https:\/\/flykicks.ca\/fr\/wp-json\/wp\/v2\/product_brand?post=17782"},{"taxonomy":"product_cat","embeddable":true,"href":"https:\/\/flykicks.ca\/fr\/wp-json\/wp\/v2\/product_cat?post=17782"},{"taxonomy":"product_tag","embeddable":true,"href":"https:\/\/flykicks.ca\/fr\/wp-json\/wp\/v2\/product_tag?post=17782"},{"taxonomy":"woo-feed-brand","embeddable":true,"href":"https:\/\/flykicks.ca\/fr\/wp-json\/wp\/v2\/woo-feed-brand?post=17782"}],"curies":[{"name":"wp","href":"https:\/\/api.w.org\/{rel}","templated":true}]}}