{"id":17787,"date":"2025-09-08T12:11:46","date_gmt":"2025-09-08T16:11:46","guid":{"rendered":"https:\/\/flykicks.ca\/product\/tom-ford-eau-de-parfum-vanille-fatale\/"},"modified":"2025-09-12T19:54:48","modified_gmt":"2025-09-12T23:54:48","slug":"tom-ford-eau-de-parfum-vanille-fatale","status":"publish","type":"product","link":"https:\/\/flykicks.ca\/fr\/product\/tom-ford-eau-de-parfum-vanille-fatale\/","title":{"rendered":"TOM FORD &#8211; Eau de parfum Vanille Fatale 50ml"},"content":{"rendered":"<p><strong>Notes essentielles :<\/strong> Vanille, bois d\u2019acajou, orge r\u00f4tie<\/p>\n<p><strong>Description du parfum :<\/strong> Vanille Fatale est une \u00e9clipse de bois fonc\u00e9s, de caf\u00e9 addictif absolu et d\u2019orge r\u00f4tie. Le r\u00e9sino\u00efde de vanille prestigieux au c\u0153ur du parfum captive tel une puissance envo\u00fbtante.<\/p>\n<p><strong>\u00c0 propos du flacon :<\/strong> Cette version prestigieuse brun chocolat de la bouteille embl\u00e9matique de Private Blend est dot\u00e9e d\u2019une couche ext\u00e9rieure teint\u00e9e miel et d\u2019une plaque brun chocolat. Le flacon de 50 ml et le d\u00e9canteur de 250 ml sont des pi\u00e8ces extravagantes qui conviennent \u00e0 n\u2019importe quelle coiffeuse ou pi\u00e8ce de toilette.<\/p>\n<p><strong>\u00c0 propos du parfum :<\/strong> En tant qu\u2019exploration sans complexe de la vanille, ce parfum \u00e9voque l\u2019alter ego de l\u2019ingr\u00e9dient avec son parfum riche, cin\u00e9matographique et profond\u00e9ment s\u00e9duisant.<\/p>\n","protected":false},"excerpt":{"rendered":"<p>Notes essentielles : Vanille, bois d\u2019acajou, orge r\u00f4tie Description du parfum : Vanille Fatale est une \u00e9clipse de bois fonc\u00e9s, de caf\u00e9 addictif absolu et d\u2019orge r\u00f4tie. Le r\u00e9sino\u00efde de vanille prestigieux au c\u0153ur du parfum captive tel une puissance envo\u00fbtante. \u00c0 propos du flacon : Cette version prestigieuse brun chocolat de la bouteille embl\u00e9matique [&hellip;]<\/p>\n","protected":false},"featured_media":17465,"comment_status":"open","ping_status":"closed","template":"","meta":{"_acf_changed":false,"_seopress_robots_primary_cat":"none","_seopress_titles_title":"","_seopress_titles_desc":"","_seopress_robots_index":"","_mbp_gutenberg_autopost":false},"product_brand":[],"product_cat":[704,692,713],"product_tag":[],"woo-feed-brand":[],"class_list":{"0":"post-17787","1":"product","2":"type-product","3":"status-publish","4":"has-post-thumbnail","6":"product_cat-marque-de-parfum","7":"product_cat-parfums","8":"product_cat-tom-ford","10":"first","11":"instock","12":"taxable","13":"shipping-taxable","14":"purchasable","15":"product-type-variable"},"acf":[],"_links":{"self":[{"href":"https:\/\/flykicks.ca\/fr\/wp-json\/wp\/v2\/product\/17787","targetHints":{"allow":["GET"]}}],"collection":[{"href":"https:\/\/flykicks.ca\/fr\/wp-json\/wp\/v2\/product"}],"about":[{"href":"https:\/\/flykicks.ca\/fr\/wp-json\/wp\/v2\/types\/product"}],"replies":[{"embeddable":true,"href":"https:\/\/flykicks.ca\/fr\/wp-json\/wp\/v2\/comments?post=17787"}],"wp:featuredmedia":[{"embeddable":true,"href":"https:\/\/flykicks.ca\/fr\/wp-json\/wp\/v2\/media\/17465"}],"wp:attachment":[{"href":"https:\/\/flykicks.ca\/fr\/wp-json\/wp\/v2\/media?parent=17787"}],"wp:term":[{"taxonomy":"product_brand","embeddable":true,"href":"https:\/\/flykicks.ca\/fr\/wp-json\/wp\/v2\/product_brand?post=17787"},{"taxonomy":"product_cat","embeddable":true,"href":"https:\/\/flykicks.ca\/fr\/wp-json\/wp\/v2\/product_cat?post=17787"},{"taxonomy":"product_tag","embeddable":true,"href":"https:\/\/flykicks.ca\/fr\/wp-json\/wp\/v2\/product_tag?post=17787"},{"taxonomy":"woo-feed-brand","embeddable":true,"href":"https:\/\/flykicks.ca\/fr\/wp-json\/wp\/v2\/woo-feed-brand?post=17787"}],"curies":[{"name":"wp","href":"https:\/\/api.w.org\/{rel}","templated":true}]}}