{"id":8044,"date":"2022-07-14T17:17:58","date_gmt":"2022-07-14T21:17:58","guid":{"rendered":"https:\/\/flykicks.ca\/product\/pull-over-en-tricot-essentiel-2\/"},"modified":"2025-08-26T18:11:02","modified_gmt":"2025-08-26T22:11:02","slug":"pull-over-en-tricot-essentiel-2","status":"publish","type":"product","link":"https:\/\/flykicks.ca\/fr\/product\/pull-over-en-tricot-essentiel-2\/","title":{"rendered":"ESSENTIALS KNIT PULLOVER"},"content":{"rendered":"","protected":false},"excerpt":{"rendered":"<p>Le pull-over en tricot actualise la coupe classique du sweat \u00e0 capuche Essentials en lui donnant du corps et une texture attrayante. La pi\u00e8ce conserve la poche kangourou famili\u00e8re, les \u00e9paules tombantes et le volume stylis\u00e9 du corps pour un drap\u00e9 confortable. La pi\u00e8ce est encadr\u00e9e par des poignets et un ourlet de taille en tricot. Un logo Essentials est tricot\u00e9 sur la poitrine et une \u00e9tiquette Essentials caoutchout\u00e9e est plac\u00e9e au centre de la capuche.<\/p>\n","protected":false},"featured_media":7906,"comment_status":"closed","ping_status":"closed","template":"","meta":{"_acf_changed":false,"_seopress_robots_primary_cat":"none","_seopress_titles_title":"","_seopress_titles_desc":"","_seopress_robots_index":"","_mbp_gutenberg_autopost":false},"product_brand":[],"product_cat":[276],"product_tag":[],"woo-feed-brand":[],"class_list":{"0":"post-8044","1":"product","2":"type-product","3":"status-publish","4":"has-post-thumbnail","6":"product_cat-vetements","8":"first","9":"outofstock","10":"taxable","11":"shipping-taxable","12":"product-type-variable"},"acf":[],"_links":{"self":[{"href":"https:\/\/flykicks.ca\/fr\/wp-json\/wp\/v2\/product\/8044","targetHints":{"allow":["GET"]}}],"collection":[{"href":"https:\/\/flykicks.ca\/fr\/wp-json\/wp\/v2\/product"}],"about":[{"href":"https:\/\/flykicks.ca\/fr\/wp-json\/wp\/v2\/types\/product"}],"replies":[{"embeddable":true,"href":"https:\/\/flykicks.ca\/fr\/wp-json\/wp\/v2\/comments?post=8044"}],"wp:featuredmedia":[{"embeddable":true,"href":"https:\/\/flykicks.ca\/fr\/wp-json\/wp\/v2\/media\/7906"}],"wp:attachment":[{"href":"https:\/\/flykicks.ca\/fr\/wp-json\/wp\/v2\/media?parent=8044"}],"wp:term":[{"taxonomy":"product_brand","embeddable":true,"href":"https:\/\/flykicks.ca\/fr\/wp-json\/wp\/v2\/product_brand?post=8044"},{"taxonomy":"product_cat","embeddable":true,"href":"https:\/\/flykicks.ca\/fr\/wp-json\/wp\/v2\/product_cat?post=8044"},{"taxonomy":"product_tag","embeddable":true,"href":"https:\/\/flykicks.ca\/fr\/wp-json\/wp\/v2\/product_tag?post=8044"},{"taxonomy":"woo-feed-brand","embeddable":true,"href":"https:\/\/flykicks.ca\/fr\/wp-json\/wp\/v2\/woo-feed-brand?post=8044"}],"curies":[{"name":"wp","href":"https:\/\/api.w.org\/{rel}","templated":true}]}}